{"id":52,"date":"2024-11-12T19:39:54","date_gmt":"2024-11-12T11:39:54","guid":{"rendered":"http:\/\/192.168.31.199\/wordpress\/?page_id=52"},"modified":"2024-11-27T22:54:58","modified_gmt":"2024-11-27T13:54:58","slug":"52-2","status":"publish","type":"page","link":"https:\/\/bunshokirengoukai.com\/zh\/52-2","title":{"rendered":"\u54a8\u8be2"},"content":{"rendered":"<p class=\"has-primary-color has-text-color has-link-color has-bitter-font-family has-x-large-font-size wp-elements-efab22f7b90eaaaceeccf7812032f36c\"><strong>\u54a8\u8be2<\/strong><\/p>\n\n\n\n<p class=\"has-bitter-font-family has-x-small-font-size\">\u5173\u4e8e\u5ba2\u6237\u63d0\u4f9b\u7684\u4e2a\u4eba\u4fe1\u606f\uff0c\u672c\u4f1a\u5c06\u9075\u5faa<a href=\"https:\/\/www.tokai-center.or.jp\/privacypolicy\" target=\"_blank\" rel=\"noreferrer noopener\">\u300a<\/a><a href=\"https:\/\/bunshokirengoukai.com\/zh\/privacy-policy\/\" data-type=\"page\" data-id=\"3\" target=\"_blank\" rel=\"noreferrer noopener\">\u9690\u79c1\u653f\u7b56<\/a><a href=\"https:\/\/www.tokai-center.or.jp\/privacypolicy\" target=\"_blank\" rel=\"noreferrer noopener\">\u300b<\/a>\u52aa\u529b\u59a5\u5584\u5904\u7406\u4e2a\u4eba\u4fe1\u606f\u3002<\/p>\n\n\n\n<div class=\"wpcf7 no-js\" id=\"wpcf7-f84-o1\" lang=\"ja\" dir=\"ltr\" data-wpcf7-id=\"84\">\n<div class=\"screen-reader-response\"><p role=\"status\" aria-live=\"polite\" aria-atomic=\"true\"><\/p> <ul><\/ul><\/div>\n<form action=\"\/zh\/wp-json\/wp\/v2\/pages\/52#wpcf7-f84-o1\" method=\"post\" class=\"wpcf7-form init\" aria-label=\"\u8054\u7cfb\u8868\u5355\" novalidate=\"novalidate\" data-status=\"init\" data-trp-original-action=\"\/zh\/wp-json\/wp\/v2\/pages\/52#wpcf7-f84-o1\">\n<div style=\"display: none;\">\n<input type=\"hidden\" name=\"_wpcf7\" value=\"84\" \/>\n<input type=\"hidden\" name=\"_wpcf7_version\" value=\"6.0.1\" \/>\n<input type=\"hidden\" name=\"_wpcf7_locale\" value=\"ja\" \/>\n<input type=\"hidden\" name=\"_wpcf7_unit_tag\" value=\"wpcf7-f84-o1\" \/>\n<input type=\"hidden\" name=\"_wpcf7_container_post\" value=\"0\" \/>\n<input type=\"hidden\" name=\"_wpcf7_posted_data_hash\" value=\"\" \/>\n<\/div>\n<table class=\"CF7_table\">\n\t<tr>\n\t\t<th>\n\t\t\t<p><span class=\"CF7_req\">\uff0a<\/span> \u5546\u8c08\n\t\t\t<\/p>\n\t\t<\/th>\n\t\t<td>\n\t\t\t<p><span class=\"wpcf7-form-control-wrap\" data-name=\"checkbox-inq\"><span class=\"wpcf7-form-control wpcf7-checkbox wpcf7-validates-as-required\"><span class=\"wpcf7-list-item first\"><input type=\"checkbox\" name=\"checkbox-inq[]\" value=\"\u3054\u76f8\u8ac7\" \/><span class=\"wpcf7-list-item-label\">\u5546\u8c08<\/span><\/span><span class=\"wpcf7-list-item\"><input type=\"checkbox\" name=\"checkbox-inq[]\" value=\"\u3054\u5165\u4f1a\" \/><span class=\"wpcf7-list-item-label\">\u5165\u4f1a<\/span><\/span><span class=\"wpcf7-list-item\"><input type=\"checkbox\" name=\"checkbox-inq[]\" value=\"\u304a\u554f\u3044\u5408\u308f\u305b\" \/><span class=\"wpcf7-list-item-label\">\u54a8\u8be2<\/span><\/span><span class=\"wpcf7-list-item last\"><input type=\"checkbox\" name=\"checkbox-inq[]\" value=\"\u305d\u306e\u4ed6\" \/><span class=\"wpcf7-list-item-label\">\u5176\u4ed6<\/span><\/span><\/span><\/span>\n\t\t\t<\/p>\n\t\t<\/td>\n\t<\/tr>\n\t<tr>\n\t\t<th>\n\t\t\t<p><span class=\"CF7_req\">\uff0a<\/span> \u59d3\u540d\n\t\t\t<\/p>\n\t\t<\/th>\n\t\t<td>\n\t\t\t<p><span class=\"wpcf7-form-control-wrap\" data-name=\"your-name\"><input size=\"40\" maxlength=\"400\" class=\"wpcf7-form-control wpcf7-text wpcf7-validates-as-required\" aria-required=\"true\" aria-invalid=\"false\" placeholder=\"\u4f8b\u5982\uff1a\u60a8\u7684\u540d\u5b57\" value=\"\" type=\"text\" name=\"your-name\" \/><\/span>\n\t\t\t<\/p>\n\t\t<\/td>\n\t<\/tr>\n\t<tr>\n\t\t<th>\n\t\t\t<p><span class=\"CF7_req\">\uff0a<\/span> \u7535\u5b50\u90ae\u4ef6\u5730\u5740\n\t\t\t<\/p>\n\t\t<\/th>\n\t\t<td>\n\t\t\t<p><span class=\"wpcf7-form-control-wrap\" data-name=\"your-email\"><input size=\"40\" maxlength=\"400\" class=\"wpcf7-form-control wpcf7-email wpcf7-validates-as-required wpcf7-text wpcf7-validates-as-email\" aria-required=\"true\" aria-invalid=\"false\" placeholder=\"\u4f8b\uff1a\u00d7\u00d7\u00d7@\u00d7\u00d7\u00d7.com\" value=\"\" type=\"email\" name=\"your-email\" \/><\/span>\n\t\t\t<\/p>\n\t\t<\/td>\n\t<\/tr>\n\t<tr>\n\t\t<th>\n\t\t\t<p><span class=\"CF7_unreq\">\uff0a<\/span>\u516c\u53f8\u540d\n\t\t\t<\/p>\n\t\t<\/th>\n\t\t<td>\n\t\t\t<p><span class=\"wpcf7-form-control-wrap\" data-name=\"your-company\"><input size=\"40\" maxlength=\"400\" class=\"wpcf7-form-control wpcf7-text\" aria-invalid=\"false\" placeholder=\"\u4f8b\uff1a\u25ef\u25ef\u682a\u5f0f\u4f1a\u793e\" value=\"\" type=\"text\" name=\"your-company\" \/><\/span>\n\t\t\t<\/p>\n\t\t<\/td>\n\t<\/tr>\n\t<tr>\n\t\t<th>\n\t\t\t<p><span class=\"CF7_unreq\"><\/span>\u90e8\u95e8\u30fb\u804c\u52a1\n\t\t\t<\/p>\n\t\t<\/th>\n\t\t<td>\n\t\t\t<p><span class=\"wpcf7-form-control-wrap\" data-name=\"your-department\"><input size=\"40\" maxlength=\"400\" class=\"wpcf7-form-control wpcf7-text\" aria-invalid=\"false\" placeholder=\"\u4f8b\uff1a\u4ee3\u8868\u53d6\u7de0\u5f79\u793e\u9577\" value=\"\" type=\"text\" name=\"your-department\" \/><\/span>\n\t\t\t<\/p>\n\t\t<\/td>\n\t<\/tr>\n\t<tr>\n\t\t<th>\n\t\t\t<p><span class=\"CF7_req\">\uff0a<\/span>\u90ae\u653f\u7f16\u7801\n\t\t\t<\/p>\n\t\t<\/th>\n\t\t<td>\n\t\t\t<p><span class=\"wpcf7-form-control-wrap\" data-name=\"zip\"><input size=\"40\" maxlength=\"400\" class=\"wpcf7-form-control wpcf7-text wpcf7-validates-as-required\" id=\"zip\" aria-required=\"true\" aria-invalid=\"false\" placeholder=\"\u4f8b\uff1a123-4567\" value=\"\" type=\"text\" name=\"zip\" \/><\/span>\n\t\t\t<\/p>\n\t\t<\/td>\n\t<\/tr>\n\t<tr>\n\t\t<th>\n\t\t\t<p><span class=\"CF7_req\">\uff0a<\/span>\u90fd\u9053\u5e9c\u770c\n\t\t\t<\/p>\n\t\t<\/th>\n\t\t<td>\n\t\t\t<p><span class=\"wpcf7-form-control-wrap\" data-name=\"pref\"><input size=\"40\" maxlength=\"400\" class=\"wpcf7-form-control wpcf7-text wpcf7-validates-as-required\" id=\"pref\" aria-required=\"true\" aria-invalid=\"false\" placeholder=\"\u4f8b\uff1a\u6771\u4eac\u90fd\" value=\"\" type=\"text\" name=\"pref\" \/><\/span>\n\t\t\t<\/p>\n\t\t<\/td>\n\t<\/tr>\n\t<tr>\n\t\t<th>\n\t\t\t<p><span class=\"CF7_req\">\uff0a<\/span>\u5730\u5740\n\t\t\t<\/p>\n\t\t<\/th>\n\t\t<td class=\"address-100\">\n\t\t\t<p><span class=\"wpcf7-form-control-wrap\" data-name=\"addr\"><input size=\"40\" maxlength=\"400\" class=\"wpcf7-form-control wpcf7-text wpcf7-validates-as-required\" id=\"addr\" aria-required=\"true\" aria-invalid=\"false\" placeholder=\"\u4f8b\uff1a\u4e2d\u592e\u533a\u9280\u5ea7\uff11\uff12\uff13\uff14\uff15\" value=\"\" type=\"text\" name=\"addr\" \/><\/span>\n\t\t\t<\/p>\n\t\t<\/td>\n\t<\/tr>\n\t<tr>\n\t\t<th>\n\t\t\t<p><span class=\"CF7_req\">\uff0a<\/span>\u7535\u8bdd\n\t\t\t<\/p>\n\t\t<\/th>\n\t\t<td>\n\t\t\t<p><span class=\"wpcf7-form-control-wrap\" data-name=\"your-tel\"><input size=\"40\" maxlength=\"400\" class=\"wpcf7-form-control wpcf7-text wpcf7-validates-as-required\" aria-required=\"true\" aria-invalid=\"false\" placeholder=\"\u4f8b\uff1a03-1234-5678\" value=\"\" type=\"text\" name=\"your-tel\" \/><\/span>\n\t\t\t<\/p>\n\t\t<\/td>\n\t<\/tr>\n\t<tr>\n\t\t<th>\n\t\t\t<p><span class=\"CF7_req\">\uff0a<\/span>\u6d88\u606f\u5185\u5bb9\n\t\t\t<\/p>\n\t\t<\/th>\n\t\t<td class=\"message-100\">\n\t\t\t<p><span class=\"wpcf7-form-control-wrap\" data-name=\"your-message\"><textarea cols=\"40\" rows=\"10\" maxlength=\"2000\" class=\"wpcf7-form-control wpcf7-textarea wpcf7-validates-as-required\" aria-required=\"true\" aria-invalid=\"false\" placeholder=\"\u8bf7\u5728\u8fd9\u91cc\u5199\u4e0b\u54a8\u8be2\u5185\u5bb9\" name=\"your-message\"><\/textarea><\/span>\u3000\n\t\t\t<\/p>\n\t\t<\/td>\n\t<\/tr>\n\n<span class=\"wpcf7-form-control-wrap\" data-name=\"acceptance-956\"><span class=\"wpcf7-form-control wpcf7-acceptance optional\"><span class=\"wpcf7-list-item\"><label><input type=\"checkbox\" name=\"acceptance-956\" value=\"1\" aria-invalid=\"false\" \/><span class=\"wpcf7-list-item-label\">\u540c\u610f\u300a\u4e2a\u4eba\u4fe1\u606f\u4fdd\u62a4\u65b9\u9488\u300b\u3002<\/span><\/label><\/span><\/span><\/span>\n<\/table>\n<p class=\"CF7_btn\"><input class=\"wpcf7-form-control wpcf7-submit has-spinner\" type=\"submit\" value=\"\u53d1\u9001\" \/>\n<\/p><div class=\"wpcf7-response-output\" aria-hidden=\"true\"><\/div>\n<input type=\"hidden\" name=\"trp-form-language\" value=\"zh\"\/><\/form>\n<\/div>\n\n\n\n\n<p><\/p>","protected":false},"excerpt":{"rendered":"<p>\u304a\u554f\u3044\u5408\u308f\u305b \u304a\u5ba2\u69d8\u304b\u3089\u3054\u63d0\u4f9b\u3044\u305f\u3060\u3044\u305f\u500b\u4eba\u60c5 [&hellip;]<\/p>","protected":false},"author":1,"featured_media":0,"parent":0,"menu_order":0,"comment_status":"closed","ping_status":"closed","template":"page-no-title","meta":{"footnotes":""},"class_list":["post-52","page","type-page","status-publish","hentry"],"_links":{"self":[{"href":"https:\/\/bunshokirengoukai.com\/zh\/wp-json\/wp\/v2\/pages\/52","targetHints":{"allow":["GET"]}}],"collection":[{"href":"https:\/\/bunshokirengoukai.com\/zh\/wp-json\/wp\/v2\/pages"}],"about":[{"href":"https:\/\/bunshokirengoukai.com\/zh\/wp-json\/wp\/v2\/types\/page"}],"author":[{"embeddable":true,"href":"https:\/\/bunshokirengoukai.com\/zh\/wp-json\/wp\/v2\/users\/1"}],"replies":[{"embeddable":true,"href":"https:\/\/bunshokirengoukai.com\/zh\/wp-json\/wp\/v2\/comments?post=52"}],"version-history":[{"count":20,"href":"https:\/\/bunshokirengoukai.com\/zh\/wp-json\/wp\/v2\/pages\/52\/revisions"}],"predecessor-version":[{"id":899,"href":"https:\/\/bunshokirengoukai.com\/zh\/wp-json\/wp\/v2\/pages\/52\/revisions\/899"}],"wp:attachment":[{"href":"https:\/\/bunshokirengoukai.com\/zh\/wp-json\/wp\/v2\/media?parent=52"}],"curies":[{"name":"wp","href":"https:\/\/api.w.org\/{rel}","templated":true}]}}